{"id":724,"date":"2024-10-27T13:06:30","date_gmt":"2024-10-27T12:06:30","guid":{"rendered":"https:\/\/www.cul.nu\/?page_id=724"},"modified":"2024-10-27T13:25:52","modified_gmt":"2024-10-27T12:25:52","slug":"interphone-filaire","status":"publish","type":"page","link":"https:\/\/www.cul.nu\/index.php\/interphone-filaire\/","title":{"rendered":"Interphone filaire"},"content":{"rendered":"\n<p><\/p>\n\n\n\n<p>J&rsquo;en avais assez de devoir monter et descendre de ma mezzanine pour parler \u00e0 mon ami situ\u00e9 \u00e0 l&rsquo;\u00e9tage inf\u00e9rieur. J&rsquo;ai donc pens\u00e9 qu&rsquo;il serait pratique d&rsquo;installer un interphone entre nos bureaux.<\/p>\n\n\n\n<p>J&rsquo;ai commenc\u00e9 \u00e0 chercher une solution simple sur des sites chinois de mat\u00e9riel bon march\u00e9, mais je n&rsquo;ai trouv\u00e9 que des options peu pratiques ou sans fil, dont les fr\u00e9quences et la s\u00e9curit\u00e9 de transmission restent incertaines.<\/p>\n\n\n\n<p>J&rsquo;ai donc d\u00e9cid\u00e9 de fabriquer mon propre syst\u00e8me.<\/p>\n\n\n\n<p>J&rsquo;ai pass\u00e9 commande sur AliExpress.<br><\/p>\n\n\n\n<figure class=\"wp-block-image size-large\"><img loading=\"lazy\" decoding=\"async\" width=\"1024\" height=\"473\" src=\"https:\/\/www.cul.nu\/wp-content\/uploads\/2024\/10\/20241027_124533-1024x473.jpg\" alt=\"\" class=\"wp-image-736\" srcset=\"https:\/\/www.cul.nu\/wp-content\/uploads\/2024\/10\/20241027_124533-1024x473.jpg 1024w, https:\/\/www.cul.nu\/wp-content\/uploads\/2024\/10\/20241027_124533-300x139.jpg 300w, https:\/\/www.cul.nu\/wp-content\/uploads\/2024\/10\/20241027_124533-768x355.jpg 768w, https:\/\/www.cul.nu\/wp-content\/uploads\/2024\/10\/20241027_124533-1536x710.jpg 1536w, https:\/\/www.cul.nu\/wp-content\/uploads\/2024\/10\/20241027_124533-2048x946.jpg 2048w, https:\/\/www.cul.nu\/wp-content\/uploads\/2024\/10\/20241027_124533-1000x462.jpg 1000w, https:\/\/www.cul.nu\/wp-content\/uploads\/2024\/10\/20241027_124533-230x106.jpg 230w, https:\/\/www.cul.nu\/wp-content\/uploads\/2024\/10\/20241027_124533-350x162.jpg 350w, https:\/\/www.cul.nu\/wp-content\/uploads\/2024\/10\/20241027_124533-480x222.jpg 480w\" sizes=\"auto, (max-width: 1024px) 100vw, 1024px\" \/><\/figure>\n\n\n\n<figure class=\"wp-block-image size-large\"><img loading=\"lazy\" decoding=\"async\" width=\"1024\" height=\"473\" src=\"https:\/\/www.cul.nu\/wp-content\/uploads\/2024\/10\/20241027_124542-1024x473.jpg\" alt=\"\" class=\"wp-image-737\" srcset=\"https:\/\/www.cul.nu\/wp-content\/uploads\/2024\/10\/20241027_124542-1024x473.jpg 1024w, https:\/\/www.cul.nu\/wp-content\/uploads\/2024\/10\/20241027_124542-300x139.jpg 300w, https:\/\/www.cul.nu\/wp-content\/uploads\/2024\/10\/20241027_124542-768x355.jpg 768w, https:\/\/www.cul.nu\/wp-content\/uploads\/2024\/10\/20241027_124542-1536x710.jpg 1536w, https:\/\/www.cul.nu\/wp-content\/uploads\/2024\/10\/20241027_124542-2048x946.jpg 2048w, https:\/\/www.cul.nu\/wp-content\/uploads\/2024\/10\/20241027_124542-1000x462.jpg 1000w, https:\/\/www.cul.nu\/wp-content\/uploads\/2024\/10\/20241027_124542-230x106.jpg 230w, https:\/\/www.cul.nu\/wp-content\/uploads\/2024\/10\/20241027_124542-350x162.jpg 350w, https:\/\/www.cul.nu\/wp-content\/uploads\/2024\/10\/20241027_124542-480x222.jpg 480w\" sizes=\"auto, (max-width: 1024px) 100vw, 1024px\" \/><\/figure>\n\n\n\n<h2 class=\"wp-block-heading has-medium-font-size\">Liste des courses:<\/h2>\n\n\n\n<p><\/p>\n\n\n\n<p>Deux amplificateur audio avec une entr\u00e9e microphone (CHF1.48)<\/p>\n\n\n\n<figure class=\"wp-block-image size-full is-resized has-custom-border\"><a href=\"https:\/\/fr.aliexpress.com\/item\/1005003325586794.html?spm=a2g0o.order_list.order_list_main.107.5abd5e5bpIUKtV&amp;gatewayAdapt=glo2fra\" target=\"_blank\" rel=\"noreferrer noopener\"><img loading=\"lazy\" decoding=\"async\" width=\"917\" height=\"916\" src=\"https:\/\/www.cul.nu\/wp-content\/uploads\/2024\/10\/ampli.jpg\" alt=\"\" class=\"wp-image-725\" style=\"border-width:1px;border-radius:30px;width:558px;height:auto\" srcset=\"https:\/\/www.cul.nu\/wp-content\/uploads\/2024\/10\/ampli.jpg 917w, https:\/\/www.cul.nu\/wp-content\/uploads\/2024\/10\/ampli-300x300.jpg 300w, https:\/\/www.cul.nu\/wp-content\/uploads\/2024\/10\/ampli-150x150.jpg 150w, https:\/\/www.cul.nu\/wp-content\/uploads\/2024\/10\/ampli-768x767.jpg 768w, https:\/\/www.cul.nu\/wp-content\/uploads\/2024\/10\/ampli-230x230.jpg 230w, https:\/\/www.cul.nu\/wp-content\/uploads\/2024\/10\/ampli-350x350.jpg 350w, https:\/\/www.cul.nu\/wp-content\/uploads\/2024\/10\/ampli-480x479.jpg 480w\" sizes=\"auto, (max-width: 917px) 100vw, 917px\" \/><\/a><\/figure>\n\n\n\n<p><br><span style=\"text-decoration: underline;\"><\/span><\/p>\n\n\n\n<p>Deux haut-parleurs (CHF4.69 2pce)<\/p>\n\n\n\n<figure class=\"wp-block-image size-full is-resized has-custom-border\"><a href=\"https:\/\/fr.aliexpress.com\/item\/1005007445961821.html?spm=a2g0o.order_list.order_list_main.143.5abd5e5bpIUKtV&amp;gatewayAdapt=glo2fra\" target=\"_blank\" rel=\"noreferrer noopener\"><img loading=\"lazy\" decoding=\"async\" width=\"800\" height=\"800\" src=\"https:\/\/www.cul.nu\/wp-content\/uploads\/2024\/10\/h-p.avif\" alt=\"\" class=\"wp-image-726\" style=\"border-width:1px;border-radius:30px;width:558px\"\/><\/a><\/figure>\n\n\n\n<p>Deux micros (CHF1.14 10pce)<\/p>\n\n\n\n<figure class=\"wp-block-image size-full is-resized has-custom-border\"><a href=\"https:\/\/fr.aliexpress.com\/item\/32691068980.html?spm=a2g0o.order_list.order_list_main.47.5abd5e5bpIUKtV&amp;gatewayAdapt=glo2fra\" target=\"_blank\" rel=\"noreferrer noopener\"><img loading=\"lazy\" decoding=\"async\" width=\"800\" height=\"800\" src=\"https:\/\/www.cul.nu\/wp-content\/uploads\/2024\/10\/micro.avif\" alt=\"\" class=\"wp-image-727\" style=\"border-width:1px;border-radius:30px;width:558px\"\/><\/a><\/figure>\n\n\n\n<p>Deux boutons poussoir (vous avez plein de logos disponibles, j&rsquo;ai pris un logo de micro en 19mm) (CHF0.82)<br><em>prenez en un avec la fonction \u00ab\u00a0Momentary Self-reset\u00a0\u00bb ainsi quand vous rel\u00e2chez le bouton vous arr\u00eatez de transmettre<\/em> <\/p>\n\n\n\n<figure class=\"wp-block-image size-full is-resized has-custom-border\"><a href=\"https:\/\/fr.aliexpress.com\/item\/1005004865195809.html?spm=a2g0o.order_list.order_list_main.189.5abd5e5bpIUKtV&amp;gatewayAdapt=glo2fra\" target=\"_blank\" rel=\"noreferrer noopener\"><img loading=\"lazy\" decoding=\"async\" width=\"1000\" height=\"1000\" src=\"https:\/\/www.cul.nu\/wp-content\/uploads\/2024\/10\/bouton.avif\" alt=\"\" class=\"wp-image-728\" style=\"border-width:1px;border-radius:30px;width:558px\"\/><\/a><\/figure>\n\n\n\n<p>Deux connecteurs RJ-45 (CHF2.16)<\/p>\n\n\n\n<figure class=\"wp-block-image size-full is-resized has-custom-border\"><a href=\"https:\/\/fr.aliexpress.com\/item\/1005006034648549.html?spm=a2g0o.order_list.order_list_main.236.5abd5e5bpIUKtV&amp;gatewayAdapt=glo2fra\" target=\"_blank\" rel=\"noreferrer noopener\"><img loading=\"lazy\" decoding=\"async\" width=\"800\" height=\"800\" src=\"https:\/\/www.cul.nu\/wp-content\/uploads\/2024\/10\/rj.avif\" alt=\"\" class=\"wp-image-729\" style=\"border-width:1px;border-radius:30px;width:558px\"\/><\/a><\/figure>\n\n\n\n<p>Un bloc de raccordement \u00e9lectrique (CHF1.99)<\/p>\n\n\n\n<figure class=\"wp-block-image size-full is-resized has-custom-border\"><a href=\"https:\/\/fr.aliexpress.com\/item\/32895688982.html?spm=a2g0o.order_list.order_list_main.282.5abd5e5bpIUKtV&amp;gatewayAdapt=glo2fra\" target=\"_blank\" rel=\"noreferrer noopener\"><img loading=\"lazy\" decoding=\"async\" width=\"1000\" height=\"530\" src=\"https:\/\/www.cul.nu\/wp-content\/uploads\/2024\/10\/inter.avif\" alt=\"\" class=\"wp-image-730\" style=\"border-width:1px;border-radius:30px;width:558px\"\/><\/a><\/figure>\n\n\n\n<p>Une alimentation 12V 15W. Vous pouvez en prendre une de dimension plus petite. j&rsquo;ai fait avec ce que j&rsquo;avais sous le main. (CHF4.60)<\/p>\n\n\n\n<figure class=\"wp-block-image size-full is-resized has-custom-border\"><a href=\"https:\/\/fr.aliexpress.com\/item\/1005006112378832.html?spm=a2g0o.order_list.order_list_main.338.5abd5e5bpIUKtV&amp;gatewayAdapt=glo2fra\" target=\"_blank\" rel=\"noreferrer noopener\"><img loading=\"lazy\" decoding=\"async\" width=\"1000\" height=\"1000\" src=\"https:\/\/www.cul.nu\/wp-content\/uploads\/2024\/10\/alim.avif\" alt=\"\" class=\"wp-image-731\" style=\"border-width:1px;border-radius:30px;width:558px\"\/><\/a><\/figure>\n\n\n\n<p>pour ce qui est de la boite j&rsquo;ai utilis\u00e9 le site <a href=\"https:\/\/boxes.hackerspace-bamberg.de\/Console?language=fr\">https:\/\/boxes.hackerspace-bamberg.de<\/a><br>J&rsquo;ai utilis\u00e9 la boite nomm\u00e9e \u00ab\u00a0Console\u00a0\u00bb <\/p>\n\n\n\n<figure class=\"wp-block-image size-large is-resized has-custom-border\"><a href=\"https:\/\/boxes.hackerspace-bamberg.de\/Console?language=fr\" target=\"_blank\" rel=\"noreferrer noopener\"><img loading=\"lazy\" decoding=\"async\" width=\"1024\" height=\"955\" src=\"https:\/\/www.cul.nu\/wp-content\/uploads\/2024\/10\/console-1024x955.jpg\" alt=\"\" class=\"wp-image-732\" style=\"border-width:1px;border-radius:30px;width:558px\" srcset=\"https:\/\/www.cul.nu\/wp-content\/uploads\/2024\/10\/console-1024x955.jpg 1024w, https:\/\/www.cul.nu\/wp-content\/uploads\/2024\/10\/console-300x280.jpg 300w, https:\/\/www.cul.nu\/wp-content\/uploads\/2024\/10\/console-768x717.jpg 768w, https:\/\/www.cul.nu\/wp-content\/uploads\/2024\/10\/console-1000x933.jpg 1000w, https:\/\/www.cul.nu\/wp-content\/uploads\/2024\/10\/console-230x215.jpg 230w, https:\/\/www.cul.nu\/wp-content\/uploads\/2024\/10\/console-350x327.jpg 350w, https:\/\/www.cul.nu\/wp-content\/uploads\/2024\/10\/console-480x448.jpg 480w, https:\/\/www.cul.nu\/wp-content\/uploads\/2024\/10\/console.jpg 1045w\" sizes=\"auto, (max-width: 1024px) 100vw, 1024px\" \/><\/a><\/figure>\n\n\n\n<h2 class=\"wp-block-heading has-medium-font-size\">Fichier de d\u00e9coupe<\/h2>\n\n\n\n<p>Je mets \u00e0 disposition mon fichier de d\u00e9coupe. Attention, les dimensions peuvent varier en fonction du mat\u00e9riel que vous installez \u00e0 l\u2019int\u00e9rieur tout comme le bois utilis\u00e9.<\/p>\n\n\n\n<figure class=\"wp-block-image size-full is-resized has-custom-border\"><a href=\"https:\/\/www.cul.nu\/wp-content\/uploads\/2024\/10\/interphone.lbrn2\" target=\"_blank\" rel=\"noreferrer noopener\"><img loading=\"lazy\" decoding=\"async\" width=\"729\" height=\"945\" src=\"https:\/\/www.cul.nu\/wp-content\/uploads\/2024\/10\/decoupe.jpg\" alt=\"\" class=\"wp-image-733\" style=\"border-width:1px;border-radius:30px;width:558px\" srcset=\"https:\/\/www.cul.nu\/wp-content\/uploads\/2024\/10\/decoupe.jpg 729w, https:\/\/www.cul.nu\/wp-content\/uploads\/2024\/10\/decoupe-231x300.jpg 231w, https:\/\/www.cul.nu\/wp-content\/uploads\/2024\/10\/decoupe-230x298.jpg 230w, https:\/\/www.cul.nu\/wp-content\/uploads\/2024\/10\/decoupe-350x454.jpg 350w, https:\/\/www.cul.nu\/wp-content\/uploads\/2024\/10\/decoupe-480x622.jpg 480w\" sizes=\"auto, (max-width: 729px) 100vw, 729px\" \/><\/a><\/figure>\n\n\n\n<h2 class=\"wp-block-heading has-medium-font-size\">Le c\u00e2blage <\/h2>\n\n\n\n<p>Le c\u00e2blage est relativement simple. <br>un des interphone contient l&rsquo;alimentation 12V alors que l&rsquo;autre non. <br>Le courant est transport\u00e9 par le c\u00e2ble r\u00e9seau pour le deuxi\u00e8me appareil.<br>les haut-parleurs sont crois\u00e9s. <\/p>\n\n\n\n<ul class=\"wp-block-list\">\n<li>Connectez l&rsquo;entr\u00e9e micro sur le micro <\/li>\n\n\n\n<li>connectez la sortie haut-parleur sur le haut-parleur qui se trouve sur l&rsquo;appareil oppos\u00e9. tout en passant par le bouton  poussoir. <\/li>\n\n\n\n<li>reliez le 12V sur le bouton poussoir afin d&rsquo;avoir la lumi\u00e8re qui s&rsquo;allume.<\/li>\n<\/ul>\n","protected":false},"excerpt":{"rendered":"<p>J&rsquo;en avais assez de devoir monter et descendre de ma mezzanine pour parler \u00e0 mon ami situ\u00e9 \u00e0 l&rsquo;\u00e9tage inf\u00e9rieur. J&rsquo;ai donc [&hellip;]<\/p>\n","protected":false},"author":1,"featured_media":0,"parent":0,"menu_order":0,"comment_status":"closed","ping_status":"closed","template":"","meta":{"footnotes":""},"class_list":["post-724","page","type-page","status-publish","hentry"],"_links":{"self":[{"href":"https:\/\/www.cul.nu\/index.php\/wp-json\/wp\/v2\/pages\/724","targetHints":{"allow":["GET"]}}],"collection":[{"href":"https:\/\/www.cul.nu\/index.php\/wp-json\/wp\/v2\/pages"}],"about":[{"href":"https:\/\/www.cul.nu\/index.php\/wp-json\/wp\/v2\/types\/page"}],"author":[{"embeddable":true,"href":"https:\/\/www.cul.nu\/index.php\/wp-json\/wp\/v2\/users\/1"}],"replies":[{"embeddable":true,"href":"https:\/\/www.cul.nu\/index.php\/wp-json\/wp\/v2\/comments?post=724"}],"version-history":[{"count":4,"href":"https:\/\/www.cul.nu\/index.php\/wp-json\/wp\/v2\/pages\/724\/revisions"}],"predecessor-version":[{"id":743,"href":"https:\/\/www.cul.nu\/index.php\/wp-json\/wp\/v2\/pages\/724\/revisions\/743"}],"wp:attachment":[{"href":"https:\/\/www.cul.nu\/index.php\/wp-json\/wp\/v2\/media?parent=724"}],"curies":[{"name":"wp","href":"https:\/\/api.w.org\/{rel}","templated":true}]}}